{"id":122,"date":"2016-03-01T21:04:19","date_gmt":"2016-03-01T20:04:19","guid":{"rendered":"http:\/\/thomas-ohme.de\/leben\/?page_id=122"},"modified":"2016-03-25T17:55:08","modified_gmt":"2016-03-25T16:55:08","slug":"soziale-medien","status":"publish","type":"page","link":"http:\/\/thomas-ohme.de\/leben\/soziale-medien\/","title":{"rendered":"Soziale Medien"},"content":{"rendered":"<p><strong>Medienkommunikation und Sozialwelten im Wandel<\/strong><\/p>\n<p>Mit dem Jahrtausendwechsel ist eine Zeit angebrochen, in der neue Kommunikationstechnologien und die sogenannte Social Software \u2013 Facebook, Twitter, Instagram oder Xing, Chatplattformen, Virtual Reality und Computerspiele \u2013 immer mehr und immer grundlegender \u00f6ffentliche und private Sozialwelten ver\u00e4ndern. Im Alltag der Menschen \u00fcberlagern sich Formen digitalisierter und computerbezogener Kommunikation untrennbar mit der unmittelbaren Kommunikation von Angesicht zu Angesicht. In diesem Zusammenhang wandeln sich auch unsere sozialen Beziehungen und das darauf gr\u00fcndende gesellschaftliche Leben. Dies hat Auswirkungen auf individuelle Handlungsmuster, auf die Gesellschaftsstruktur und auf das politische System.<\/p>\n<p>Vor diesem Hintergrund m\u00f6chten wir uns mit dem Wandel der sozialen Beziehungen und der sonstigen Lebensbedingungen in unserer mediatisierten Gesellschaft auseinandersetzen. Wir werden nach dem Einfluss der modernen Medien auf das Kommunikationsverhalten und auf das gesellschaftliche Zusammenleben fragen. Welche Auswirkungen haben sie auf das private Umfeld, was bedeutet das f\u00fcr gesellschaftliche und politische Konfigurationen? Welche Herausforderungen, welche Chancen bringen diese Entwicklungen f\u00fcr politische Prozesse und insgesamt f\u00fcr unsere demokratische Ordnung? Was bedeuten sie f\u00fcr unser angestammtes Wertesystem?<\/p>\n<p>Tagung in der <a href=\"http:\/\/www.apb-tutzing.de\/news\/2016\/kommunikation-wandel.php\" target=\"_blank\">Akademie f\u00fcr politische Bildung in Tutzing<\/a> vom 26.2. &#8211; 28.2.2016<\/p>\n<p>Wichtige Links:<br \/>\n<a href=\"http:\/\/hrbruns.com\/2016\/02\/28\/medienkommunikation-und-soziale-welten-im-wandel\/\" target=\"_blank\" rel=\"home\">Heinrich graut&#8217;s<\/a><\/p>\n<p>&nbsp;<\/p>\n","protected":false},"excerpt":{"rendered":"<p>Medienkommunikation und Sozialwelten im Wandel Mit dem Jahrtausendwechsel ist eine Zeit angebrochen, in der neue Kommunikationstechnologien und die sogenannte Social Software \u2013 Facebook, Twitter, Instagram oder Xing, Chatplattformen, Virtual Reality und Computerspiele \u2013 immer mehr und immer grundlegender \u00f6ffentliche und &hellip; <a href=\"http:\/\/thomas-ohme.de\/leben\/soziale-medien\/\">Weiter<\/a><\/p>\n","protected":false},"author":1,"featured_media":0,"parent":0,"menu_order":0,"comment_status":"closed","ping_status":"closed","template":"","meta":{"ngg_post_thumbnail":0,"jetpack_post_was_ever_published":false},"jetpack_sharing_enabled":true,"jetpack_shortlink":"https:\/\/wp.me\/P73udh-1Y","_links":{"self":[{"href":"http:\/\/thomas-ohme.de\/leben\/wp-json\/wp\/v2\/pages\/122"}],"collection":[{"href":"http:\/\/thomas-ohme.de\/leben\/wp-json\/wp\/v2\/pages"}],"about":[{"href":"http:\/\/thomas-ohme.de\/leben\/wp-json\/wp\/v2\/types\/page"}],"author":[{"embeddable":true,"href":"http:\/\/thomas-ohme.de\/leben\/wp-json\/wp\/v2\/users\/1"}],"replies":[{"embeddable":true,"href":"http:\/\/thomas-ohme.de\/leben\/wp-json\/wp\/v2\/comments?post=122"}],"version-history":[{"count":8,"href":"http:\/\/thomas-ohme.de\/leben\/wp-json\/wp\/v2\/pages\/122\/revisions"}],"predecessor-version":[{"id":237,"href":"http:\/\/thomas-ohme.de\/leben\/wp-json\/wp\/v2\/pages\/122\/revisions\/237"}],"wp:attachment":[{"href":"http:\/\/thomas-ohme.de\/leben\/wp-json\/wp\/v2\/media?parent=122"}],"curies":[{"name":"wp","href":"https:\/\/api.w.org\/{rel}","templated":true}]}}