{"id":2,"date":"2015-11-28T18:46:47","date_gmt":"2015-11-28T17:46:47","guid":{"rendered":"http:\/\/thomas-ohme.de\/leben\/?page_id=2"},"modified":"2020-08-29T11:09:24","modified_gmt":"2020-08-29T09:09:24","slug":"beispiel-seite","status":"publish","type":"page","link":"http:\/\/thomas-ohme.de\/leben\/beispiel-seite\/","title":{"rendered":"Mein Leben"},"content":{"rendered":"<p>Ich m\u00f6chte Ihnen einen kurzen \u00dcberblick geben wie mein Leben bisher verlaufen ist und warum ich daran etwas \u00e4ndern m\u00f6chte.<\/p>\n<p><strong>Meine Ausbildung<\/strong><\/p>\n<p>Gelernt habe ich meinen Traumberuf Fotograf. Seitdem habe ich in verschiedenen Fotolabors gearbeitet. Im Zeitalter der analogen Fotografie war jeder Auftrag eine spannende und kreative Herausforderung. Die Digitalisierung brachte zuvor ungeahnte M\u00f6glichkeiten der Bildbearbeitung, jedoch die Faszination ein Bild in der Dunkelkammer entstehen zu sehen ging verloren.<\/p>\n<p><strong>Mein zweiter Beruf<\/strong><\/p>\n<p>Nachdem das Fotolabor vor dem Aus stand machte ich aus meinem Interesse an der neuen Computer-Technik eine weitere Ausbildung zum IT-Manager. Spannend fand ich die M\u00f6glichkeit einfach und schnell meine Fotografien ohne einen Verlag zu ver\u00f6ffentlichen und so auf mich aufmerksam zu machen. Es war zu den Anfangszeiten des Internets, wo es nur um Informationen, Wissensvermittlung und Kreativit\u00e4t ging. Mittlerweilen ist das Web zur reinen Werbeplattform verkommen und man hat M\u00fche wirklich das zu finden was man sucht. Jetzt arbeite ich bei einem Finanzdienstleister, wo es gerade nur um Werbung und Verkauf geht. Ich habe mit Menschen direkt nichts zu tun, ich versuche sie mit der Maschine PC zu erreichen. Mir fehlt auch die Freiheit Dinge zu gestalten, weil alles schematisch vorgegeben ist, ein kreatives Abweichen, meine pers\u00f6nliche Note, meine Individualit\u00e4t kann ich hierbei nicht ausleben. Und wie in vielen Wirtschaftsbereichen steigt der Kosten- und Leistungsdruck. Diese Arbeit dient nur noch dem Geld verdienen, aber nicht mehr meiner Berufung.<\/p>\n<p><strong>Meine Intention<\/strong><\/p>\n<p>Ich m\u00f6chte meine Werte leben. Werte sind ein Begriff, der uns staccato-artig \u00fcberall begegnet. Seien es Leitbilder von Unternehmen, der Gesellschaft oder der Kirche.<\/p>\n<p>Werte kann man aber nicht anordnen, sie m\u00fcssen auf einem soliden Fundament stehen. F\u00fcr mich ist das der christliche Glaube. Seien es die <a href=\"http:\/\/www.die-bibel.de\/online-bibeln\/luther-bibel-1984\/bibeltext\/bibel\/text\/lesen\/stelle\/2\/200001\/200001\/ch\/f308fc3198f8de02ec9b2a09a27de288\/\" target=\"_blank\" rel=\"noopener noreferrer\">zehn Gebote<\/a> oder die <a href=\"http:\/\/www.die-bibel.de\/online-bibeln\/luther-bibel-1984\/bibeltext\/bibelstelle\/mt5\/\" target=\"_blank\" rel=\"noopener noreferrer\">Bergpredigt<\/a>.<\/p>\n<p>Deswegen m\u00f6chte ich jede Arbeit, ob im Beruf, im Ehrenamt oder im Haushalt tun, weil ich Gott dankbar f\u00fcr meinen Arbeitsplatz, mein Einkommen und mein Zuhause bin.<\/p>\n<p>Ich m\u00f6chte immer ein bi\u00dfchen mehr tun, als eigentlich verlangt oder n\u00f6tig ist. Das klingt in angeblich wirtschaftlich harten Zeiten vielleicht etwas merkw\u00fcrdig. In meiner Arbeit m\u00f6chte ich das gerne weitergeben. Der gr\u00f6\u00dfte Lohn ist nicht das Geld, das nat\u00fcrlich wichtig ist, sondern Dankbarkeit:<\/p>\n<ul>\n<li>Dankbarkeit f\u00fcr meine Arbeit<\/li>\n<li>Dankbarkeit f\u00fcr meinen Lohn<\/li>\n<li>Dankbarkeit f\u00fcr mein Leben<\/li>\n<li>Dankbarkeit f\u00fcr einen zufriedenen Kunden<\/li>\n<\/ul>\n<p>Um so mehr motiviert es mich, dass ich mich nicht allein wei\u00df, sondern dass es unendlich viele Mitstreiter gibt. Lesen Sie weiter unter:.<\/p>\n<ul>\n<li><a href=\"http:\/\/www.kcf.de\" target=\"_blank\" rel=\"noopener noreferrer\">Kongress christlicher F\u00fchrungskr\u00e4fte<\/a><\/li>\n<li><a href=\"https:\/\/www.ivcg.org\/\" target=\"_blank\" data-wplink-edit=\"true\" rel=\"noopener noreferrer\">IVCG<\/a><\/li>\n<li><a href=\"http:\/\/www.ciw.de\" target=\"_blank\" rel=\"noopener noreferrer\">Christen in der Wirtschaft<\/a><\/li>\n<li><a href=\"https:\/\/www.andreasnau.de\" target=\"_blank\" rel=\"noopener noreferrer\">Andreas Nau<\/a><\/li>\n<\/ul>\n","protected":false},"excerpt":{"rendered":"<p>Ich m\u00f6chte Ihnen einen kurzen \u00dcberblick geben wie mein Leben bisher verlaufen ist und warum ich daran etwas \u00e4ndern m\u00f6chte. Meine Ausbildung Gelernt habe ich meinen Traumberuf Fotograf. Seitdem habe ich in verschiedenen Fotolabors gearbeitet. Im Zeitalter der analogen Fotografie &hellip; <a href=\"http:\/\/thomas-ohme.de\/leben\/beispiel-seite\/\">Weiter<\/a><\/p>\n","protected":false},"author":1,"featured_media":0,"parent":0,"menu_order":0,"comment_status":"closed","ping_status":"open","template":"","meta":{"ngg_post_thumbnail":0,"jetpack_post_was_ever_published":false},"jetpack_sharing_enabled":true,"jetpack_shortlink":"https:\/\/wp.me\/P73udh-2","_links":{"self":[{"href":"http:\/\/thomas-ohme.de\/leben\/wp-json\/wp\/v2\/pages\/2"}],"collection":[{"href":"http:\/\/thomas-ohme.de\/leben\/wp-json\/wp\/v2\/pages"}],"about":[{"href":"http:\/\/thomas-ohme.de\/leben\/wp-json\/wp\/v2\/types\/page"}],"author":[{"embeddable":true,"href":"http:\/\/thomas-ohme.de\/leben\/wp-json\/wp\/v2\/users\/1"}],"replies":[{"embeddable":true,"href":"http:\/\/thomas-ohme.de\/leben\/wp-json\/wp\/v2\/comments?post=2"}],"version-history":[{"count":10,"href":"http:\/\/thomas-ohme.de\/leben\/wp-json\/wp\/v2\/pages\/2\/revisions"}],"predecessor-version":[{"id":1377,"href":"http:\/\/thomas-ohme.de\/leben\/wp-json\/wp\/v2\/pages\/2\/revisions\/1377"}],"wp:attachment":[{"href":"http:\/\/thomas-ohme.de\/leben\/wp-json\/wp\/v2\/media?parent=2"}],"curies":[{"name":"wp","href":"https:\/\/api.w.org\/{rel}","templated":true}]}}