{"id":117,"date":"2022-12-01T11:07:53","date_gmt":"2022-12-01T10:07:53","guid":{"rendered":"https:\/\/thomas-ohme.de\/glaubensweg0\/?page_id=117"},"modified":"2022-12-01T21:25:13","modified_gmt":"2022-12-01T20:25:13","slug":"startseite","status":"publish","type":"page","link":"https:\/\/thomas-ohme.de\/glaubensweg0\/","title":{"rendered":"Glaubensweg an der Rothenburger Landhege"},"content":{"rendered":"\n<p><\/p>\n\n\n\n<figure class=\"wp-block-image size-large\"><img loading=\"lazy\" decoding=\"async\" width=\"1024\" height=\"576\" src=\"https:\/\/thomas-ohme.de\/glaubensweg0\/wp-content\/uploads\/2022\/12\/gw-i-biotop-2000x1500-1-1024x576.png\" alt=\"\" class=\"wp-image-51\" srcset=\"https:\/\/thomas-ohme.de\/glaubensweg\/wp-content\/uploads\/2022\/12\/gw-i-biotop-2000x1500-1-1024x576.png 1024w, https:\/\/thomas-ohme.de\/glaubensweg\/wp-content\/uploads\/2022\/12\/gw-i-biotop-2000x1500-1-300x169.png 300w, https:\/\/thomas-ohme.de\/glaubensweg\/wp-content\/uploads\/2022\/12\/gw-i-biotop-2000x1500-1-768x432.png 768w, https:\/\/thomas-ohme.de\/glaubensweg\/wp-content\/uploads\/2022\/12\/gw-i-biotop-2000x1500-1-1536x864.png 1536w, https:\/\/thomas-ohme.de\/glaubensweg\/wp-content\/uploads\/2022\/12\/gw-i-biotop-2000x1500-1-1568x882.png 1568w, https:\/\/thomas-ohme.de\/glaubensweg\/wp-content\/uploads\/2022\/12\/gw-i-biotop-2000x1500-1.png 1997w\" sizes=\"(max-width: 1024px) 100vw, 1024px\" \/><\/figure>\n\n\n\n<h6 class=\"wp-block-heading\">Erleben Sie den Pilgerweg<\/h6>\n\n\n\n<p>Der Glaubensweg verbindet die Gemeinden <a rel=\"noopener\" href=\"https:\/\/www.adelshofen.de\/\" target=\"_blank\">Adelshofen<\/a>,&nbsp;<a rel=\"noopener\" href=\"http:\/\/www.ohrenbach.de\/\" target=\"_blank\">Ohrenbach<\/a>&nbsp;und&nbsp;<a rel=\"noopener\" href=\"https:\/\/www.uffenheim.de\/\" target=\"_blank\">Uffenheim<\/a>, sowie die Landkreise Ansbach und Neustadt an der Aisch\/Bad Windsheim und die beiden evangelischen Dekanatsbezirke&nbsp;<a rel=\"noopener\" href=\"http:\/\/www.rothenburgtauber-evangelisch.de\/\" target=\"_blank\">Rothenburg o.d.T<\/a>. und&nbsp;<a rel=\"noopener\" href=\"https:\/\/dekanat-uffenheim.de\/\" target=\"_blank\">Uffenheim<\/a>. Die Themen der vier Wegstationen &#8222;Geschaffen&#8220;, &#8222;Leiden&#8220;, &#8222;Erl\u00f6sung&#8220; und &#8222;Vers\u00f6hnung&#8220; gehen dem christlichen Glaubensbekenntnis entlang und sind jeweils mit einem dreieinhalb Meter hohen Symbolstein aus fr\u00e4nkischem Muschelkalk dargestellt. Die Stationen liegen in der Flur an ruhigen Orten und laden zum Innehalten ein: Machen Sie sich auf den Weg \u2013 machen Sie sich auf f\u00fcr Gott. Den als Rundwanderweg angelegten Glaubensweg k\u00f6nnen Sie zu Fu\u00df, mit dem Rad oder als Busgruppe erleben.<\/p>\n","protected":false},"excerpt":{"rendered":"<p>Erleben Sie den Pilgerweg Der Glaubensweg verbindet die Gemeinden Adelshofen,&nbsp;Ohrenbach&nbsp;und&nbsp;Uffenheim, sowie die Landkreise Ansbach und Neustadt an der Aisch\/Bad Windsheim und die beiden evangelischen Dekanatsbezirke&nbsp;Rothenburg o.d.T. und&nbsp;Uffenheim. Die Themen der vier Wegstationen &#8222;Geschaffen&#8220;, &#8222;Leiden&#8220;, &#8222;Erl\u00f6sung&#8220; und &#8222;Vers\u00f6hnung&#8220; gehen dem christlichen Glaubensbekenntnis entlang und sind jeweils mit einem dreieinhalb Meter hohen Symbolstein aus fr\u00e4nkischem Muschelkalk dargestellt. [&hellip;]<\/p>\n","protected":false},"author":1,"featured_media":0,"parent":0,"menu_order":0,"comment_status":"closed","ping_status":"closed","template":"","meta":{"ngg_post_thumbnail":0,"footnotes":""},"_links":{"self":[{"href":"https:\/\/thomas-ohme.de\/glaubensweg0\/wp-json\/wp\/v2\/pages\/117"}],"collection":[{"href":"https:\/\/thomas-ohme.de\/glaubensweg0\/wp-json\/wp\/v2\/pages"}],"about":[{"href":"https:\/\/thomas-ohme.de\/glaubensweg0\/wp-json\/wp\/v2\/types\/page"}],"author":[{"embeddable":true,"href":"https:\/\/thomas-ohme.de\/glaubensweg0\/wp-json\/wp\/v2\/users\/1"}],"replies":[{"embeddable":true,"href":"https:\/\/thomas-ohme.de\/glaubensweg0\/wp-json\/wp\/v2\/comments?post=117"}],"version-history":[{"count":9,"href":"https:\/\/thomas-ohme.de\/glaubensweg0\/wp-json\/wp\/v2\/pages\/117\/revisions"}],"predecessor-version":[{"id":169,"href":"https:\/\/thomas-ohme.de\/glaubensweg0\/wp-json\/wp\/v2\/pages\/117\/revisions\/169"}],"wp:attachment":[{"href":"https:\/\/thomas-ohme.de\/glaubensweg0\/wp-json\/wp\/v2\/media?parent=117"}],"curies":[{"name":"wp","href":"https:\/\/api.w.org\/{rel}","templated":true}]}}