{"id":146,"date":"2022-12-01T17:55:42","date_gmt":"2022-12-01T16:55:42","guid":{"rendered":"https:\/\/thomas-ohme.de\/glaubensweg0\/?page_id=146"},"modified":"2022-12-02T07:36:18","modified_gmt":"2022-12-02T06:36:18","slug":"impressum","status":"publish","type":"page","link":"https:\/\/thomas-ohme.de\/glaubensweg0\/impressum\/","title":{"rendered":"Impressum und Kontakt"},"content":{"rendered":"\n<h6>Information und F\u00fchrungen<\/h6>\n\n\n\n<p>Der Glaubensweg wird gerne von einzelnen besucht, aber auch von Busgruppen mit einer F\u00fchrung erlebt. Verkn\u00fcpfen kann man einen solchen Ausflug mit einer Orchideenschau in Welbhausen, mit Zielen in und um Rothenburg u.a.m.Informationen und F\u00fchrungen auf dem Glaubensweg geben Karl-Heinz Gisbertz in Ohrenbach (09865\/550) und Robert Karr in Oberscheckenbach (09865\/810 bzw. 518).<\/p>\n\n\n\n<h6>Kontakt<\/h6>\n\n\n\n<p>Pfarramt Langensteinach, Tel. 09865\/9559<\/p>\n<p>Pfarramt Ohrenbach, Tel. 09865\/550<\/p>\n\n\n\n<p>Thomas Ohme<\/p>\n\n\n\n<p>Haardt 13<\/p>\n\n\n\n<p>91587 Adelshofen<\/p>\n\n\n\n<p>Tel. 09865\/360<\/p>\n\n\n\n<p>Email:&nbsp;<a href=\"mailto:thomas.ohme@gmx.de\">thomas.ohme@gmx.de<\/a><\/p>\n","protected":false},"excerpt":{"rendered":"<p>Information und F\u00fchrungen Der Glaubensweg wird gerne von einzelnen besucht, aber auch von Busgruppen mit einer F\u00fchrung erlebt. Verkn\u00fcpfen kann man einen solchen Ausflug mit einer Orchideenschau in Welbhausen, mit Zielen in und um Rothenburg u.a.m.Informationen und F\u00fchrungen auf dem Glaubensweg geben Karl-Heinz Gisbertz in Ohrenbach (09865\/550) und Robert Karr in Oberscheckenbach (09865\/810 bzw. 518). [&hellip;]<\/p>\n","protected":false},"author":1,"featured_media":0,"parent":0,"menu_order":0,"comment_status":"closed","ping_status":"closed","template":"","meta":{"ngg_post_thumbnail":0,"footnotes":""},"_links":{"self":[{"href":"https:\/\/thomas-ohme.de\/glaubensweg0\/wp-json\/wp\/v2\/pages\/146"}],"collection":[{"href":"https:\/\/thomas-ohme.de\/glaubensweg0\/wp-json\/wp\/v2\/pages"}],"about":[{"href":"https:\/\/thomas-ohme.de\/glaubensweg0\/wp-json\/wp\/v2\/types\/page"}],"author":[{"embeddable":true,"href":"https:\/\/thomas-ohme.de\/glaubensweg0\/wp-json\/wp\/v2\/users\/1"}],"replies":[{"embeddable":true,"href":"https:\/\/thomas-ohme.de\/glaubensweg0\/wp-json\/wp\/v2\/comments?post=146"}],"version-history":[{"count":2,"href":"https:\/\/thomas-ohme.de\/glaubensweg0\/wp-json\/wp\/v2\/pages\/146\/revisions"}],"predecessor-version":[{"id":176,"href":"https:\/\/thomas-ohme.de\/glaubensweg0\/wp-json\/wp\/v2\/pages\/146\/revisions\/176"}],"wp:attachment":[{"href":"https:\/\/thomas-ohme.de\/glaubensweg0\/wp-json\/wp\/v2\/media?parent=146"}],"curies":[{"name":"wp","href":"https:\/\/api.w.org\/{rel}","templated":true}]}}