{"id":170,"date":"2022-12-02T07:28:12","date_gmt":"2022-12-02T06:28:12","guid":{"rendered":"https:\/\/thomas-ohme.de\/glaubensweg0\/?page_id=170"},"modified":"2022-12-02T08:21:23","modified_gmt":"2022-12-02T07:21:23","slug":"beschreibung","status":"publish","type":"page","link":"https:\/\/thomas-ohme.de\/glaubensweg0\/beschreibung\/","title":{"rendered":"Beschreibung"},"content":{"rendered":"<p><strong>f\u00fcr den ganzen Weg<\/strong><br \/>Start in Reichardsroth. Am Gasthaus k\u00f6nnen Autos abgestellt werden.<br \/>Durch die ehemalige Johanniterkommende mit der romanischen Turmkirche f\u00fchrt der Weg parallel zur B 25 bis zur Ortseinfahrt. Hier \u00fcberqueren Sie die St 2419 und biegen nach ca. 300 m am Waldsaum nach rechts. Der Plattenweg f\u00fchrt Sie direkt zur <a href=\"https:\/\/thomas-ohme.de\/glaubensweg0\/station-i-geschaffen\/\"><strong>Station I \u201eGeschaffen&#8220;<\/strong><\/a>.<br \/>Durch Gailshofen (Gedenkstein f\u00fcr besonderen Baumbestand aus dem Jahr 1984 mit Bronzemedaille \u201eAdam und Eva unter dem Paradiesbaum&#8220;) geht es nach Ohrenbach vorbei an der Kirche St. Johannis und dem \u201eSchwarze-Schar-Brunnen&#8220;. An der Verkehrsinsel am Ortsrand \u00fcberqueren Sie die Stra\u00dfe und folgen dem befestigten (Platten-)Weg bis zur <strong><a href=\"https:\/\/thomas-ohme.de\/glaubensweg0\/station-ii-leiden\/\">Station II \u201eLeiden&#8220;<\/a><\/strong>.<br \/>Von hier aus f\u00fchrt der Weg wieder \u00fcber die St 2419 durch die Ortsmitte mit der Kirche St. Kilian von Oberscheckenbach. Die Markierung f\u00fchrt sie hinter dem Dorf herum (bitte rechts halten) zur Kreisstra\u00dfe, die von Oberscheckenbach nach Gickelhausen f\u00fchrt.<br \/>Hier trennt sich der Weg f\u00fcr Fahrzeuge und Fu\u00dfg\u00e4nger.<br \/>Fu\u00dfg\u00e4nger werden durch die Flur Richtung Wald von Reichardsroth vorbei an der s\u00fcdwestlichen Ecke des Galgenholzes (dort befindet sich eine Rekonstruktion der Rothenburger Landhege) und dann etwa 100 m weiter nach links Richtung Gro\u00dfharbach gef\u00fchrt, so dass sie bei der Michaelskirche vorbeikommen.<br \/>Rad- und Autofahrer bleiben auf der Kreisstra\u00dfe (links) nach Gickelhausen und Gro\u00dfharbach. Der Landturm in Gro\u00dfharbach mit der Jahreszahl 1606 gr\u00fc\u00dft an der Harbachbr\u00fccke links und die Michaelskirche Richtung Ortsausgang nach Langensteinach auf der rechten Seite. Hier verlassen Sie die Hauptstra\u00dfe linker Hand und kommen auf einem ansteigenden Weg am ehemaligen Schulhaus (blaues Haus) vorbei, hinauf zur <a href=\"https:\/\/thomas-ohme.de\/glaubensweg0\/station-iii-erloesung\/\"><strong>Station III \u201eErl\u00f6sung&#8220;<\/strong><\/a> bei einem m\u00e4chtigen Birnbaum. Genie\u00dfen Sie von hier aus auch den Blick in die Ferne.<br \/>An der n\u00e4chsten Weggabelung links und an der Dorfverbindungsstra\u00dfe rechts gelangen Sie nach Kleinharbach. Wenn Sie etwa 400 m nach Kleinharbach auf die leichte Anh\u00f6he kommen, zweigen Sie nach links auf die alte Kleinharbacher Stra\u00dfe ab und kommen auf ein Geh\u00f6lz zu, bei dem sich die <a href=\"https:\/\/thomas-ohme.de\/glaubensweg0\/station-iv-versoehnung\/\"><strong>Station IV \u201eVers\u00f6hnung&#8220;<\/strong><\/a> befindet. Von hier aus geht es absch\u00fcssig an Obstb\u00e4umen vorbei zur\u00fcck auf die Kreisstra\u00dfe, der Sie links nach Langensteinach folgen. [Wanderern wird von hier aus der Fu\u00dfweg wie unter b) beschrieben empfohlen]. In Langensteinach kommen Sie an der ehemaligen Dorfschule (jetzt Gemeindehaus) mit Friedhof und Kirche dahinter vorbei, fahren die Hauptstra\u00dfe hinunter und biegen an der Kreuzung rechts nach Reichardsroth ab.<\/p>\n<p><strong>f\u00fcr eine Teilstrecke zu Fu\u00df<\/strong><br \/>Von Reichardsroth aus k\u00f6nnen Sie auch in 1 \u00bd bis 2 Stunden zu Fu\u00df einen Rundweg zu den Stationen III und IV wandern. Gehen Sie die Hauptstra\u00dfe durch den Ort geradeaus in Richtung S\u00fcden am ehemaligen Forsthaus herum und dann in westlicher Richtung in den Wald (Galgenholz) am Spielplatz vorbei. Bleiben Sie geradeaus auf diesem Waldweg. Wenn Sie dann aus dem Wald herauskommen, biegen Sie nach links ab. An dieser Stelle kommen Sie sp\u00e4ter wieder von der Station IV her den gleichen Weg zur\u00fcck nach Reichardsroth. Sie gehen also den Weg am Waldrand entlang bis auf die Anh\u00f6he und folgen dann dem Schotterweg nach rechts bis nach Gro\u00dfharbach. (Von dieser Abbiegung aus geht es nur etwa 100 m weiter am Waldrand entlang, bis sie zur Rekonstruktion der Rothenburger Landhege einige Schritte hinein ins Galgenholz gelangen k\u00f6nnen).<br \/>In Gro\u00dfharbach kommen Sie an der Michaelskirche vorbei auf die Hauptstra\u00dfe. Diese \u00fcberqueren und verlassen Sie und gehen dann direkt den ansteigenden Teerweg hoch vorbei am alten (blau gestrichenen) Schulhaus und erreichen auf der Anh\u00f6he die Station III \u201eErl\u00f6sung\u201e. Sie folgen dem Weg, der an dieser Stelle geschottert ist. Wenn Sie durch Kleinharbach (Vesperstube im \u201eGlockenh\u00e4usle&#8220;, Kunsthandwerk im \u201eRabennest&#8220;) wollen, gehen Sie an der Weggabelung links und die Teerstra\u00dfe dann rechts entlang.<br \/>Wenn Sie direkt zur Station IV wandern wollen, k\u00f6nnen Sie links gehen und dann rechts den Weg neben der Hecke hinunter bis zur Stra\u00dfe.<br \/>Auf der Stra\u00dfe von Kleinharbach her laufen Sie dann (rechts) weiter bis Sie auf der Anh\u00f6he links in einen befestigten Seitenweg von der Verkehrsstra\u00dfe abbiegen und auf ein kleines Geh\u00f6lz zulaufen. Dieses Geh\u00f6lz verdeckt nach S\u00fcden hin die Station IV \u201eVers\u00f6hnung\u201e und ist manchmal von Ortsunkundigen nicht leicht zu finden. Von der Station IV geht es dann der alten, von Obstb\u00e4umen ges\u00e4umten Stra\u00dfe hinunter Richtung Langensteinach weiter bis zur Kreisstra\u00dfe. An der Kreisstra\u00dfe gehen Sie wieder rechts bis kurz vor den Abzweig nach Kleinharbach. Vor ihren Augen liegt ein Biotop. Folgen Sie dem geschotterten Weg zwischen dem Wald und dem Biotop am Waldrand entlang und halten Sie sich linksherum am Waldrand, wenn der Weg am Ende des Waldes nach links abbiegt. Dort an der S\u00fcdwestecke des Waldes (Eichicht) k\u00f6nnen Sie ein paar Schritte im Wald hinein vorchristliche Grabh\u00fcgel erkennen. Der geschotterte Weg f\u00fchrt Sie Richtung Galgenholz auf das Ende eines geteerten Weges. Sie k\u00f6nnen den geteerten Weg links herum nach Reichardsroth zur\u00fcckwandern oder rechts nach einigen Metern durch das Galgenholz denselben Waldweg zur\u00fcckgehen, den Sie gekommen sind.<\/p>\n","protected":false},"excerpt":{"rendered":"<p>f\u00fcr den ganzen WegStart in Reichardsroth. Am Gasthaus k\u00f6nnen Autos abgestellt werden.Durch die ehemalige Johanniterkommende mit der romanischen Turmkirche f\u00fchrt der Weg parallel zur B 25 bis zur Ortseinfahrt. Hier \u00fcberqueren Sie die St 2419 und biegen nach ca. 300 m am Waldsaum nach rechts. Der Plattenweg f\u00fchrt Sie direkt zur Station I \u201eGeschaffen&#8220;.Durch Gailshofen [&hellip;]<\/p>\n","protected":false},"author":1,"featured_media":0,"parent":0,"menu_order":0,"comment_status":"closed","ping_status":"closed","template":"","meta":{"ngg_post_thumbnail":0,"footnotes":""},"_links":{"self":[{"href":"https:\/\/thomas-ohme.de\/glaubensweg0\/wp-json\/wp\/v2\/pages\/170"}],"collection":[{"href":"https:\/\/thomas-ohme.de\/glaubensweg0\/wp-json\/wp\/v2\/pages"}],"about":[{"href":"https:\/\/thomas-ohme.de\/glaubensweg0\/wp-json\/wp\/v2\/types\/page"}],"author":[{"embeddable":true,"href":"https:\/\/thomas-ohme.de\/glaubensweg0\/wp-json\/wp\/v2\/users\/1"}],"replies":[{"embeddable":true,"href":"https:\/\/thomas-ohme.de\/glaubensweg0\/wp-json\/wp\/v2\/comments?post=170"}],"version-history":[{"count":5,"href":"https:\/\/thomas-ohme.de\/glaubensweg0\/wp-json\/wp\/v2\/pages\/170\/revisions"}],"predecessor-version":[{"id":194,"href":"https:\/\/thomas-ohme.de\/glaubensweg0\/wp-json\/wp\/v2\/pages\/170\/revisions\/194"}],"wp:attachment":[{"href":"https:\/\/thomas-ohme.de\/glaubensweg0\/wp-json\/wp\/v2\/media?parent=170"}],"curies":[{"name":"wp","href":"https:\/\/api.w.org\/{rel}","templated":true}]}}