{"id":181,"date":"2022-12-02T07:56:14","date_gmt":"2022-12-02T06:56:14","guid":{"rendered":"https:\/\/thomas-ohme.de\/glaubensweg0\/?page_id=181"},"modified":"2022-12-02T07:56:14","modified_gmt":"2022-12-02T06:56:14","slug":"station-ii-leiden","status":"publish","type":"page","link":"https:\/\/thomas-ohme.de\/glaubensweg0\/station-ii-leiden\/","title":{"rendered":"Station II &#8211; Leiden"},"content":{"rendered":"\n<figure class=\"wp-block-image size-large\"><img loading=\"lazy\" decoding=\"async\" width=\"769\" height=\"1024\" src=\"https:\/\/thomas-ohme.de\/glaubensweg0\/wp-content\/uploads\/2022\/12\/gw-ii-abend1-1110x1480-1-769x1024.png\" alt=\"\" class=\"wp-image-52\" srcset=\"https:\/\/thomas-ohme.de\/glaubensweg\/wp-content\/uploads\/2022\/12\/gw-ii-abend1-1110x1480-1-769x1024.png 769w, https:\/\/thomas-ohme.de\/glaubensweg\/wp-content\/uploads\/2022\/12\/gw-ii-abend1-1110x1480-1-225x300.png 225w, https:\/\/thomas-ohme.de\/glaubensweg\/wp-content\/uploads\/2022\/12\/gw-ii-abend1-1110x1480-1-768x1023.png 768w, https:\/\/thomas-ohme.de\/glaubensweg\/wp-content\/uploads\/2022\/12\/gw-ii-abend1-1110x1480-1.png 1110w\" sizes=\"(max-width: 769px) 100vw, 769px\" \/><figcaption class=\"wp-element-caption\">Station II &#8211; Leiden<\/figcaption><\/figure>\n\n\n\n<p><strong>Symbolik:<\/strong><br>Hostienm\u00fchle \u2013 der Christi Leib wird zermahlen und zum Leib Christi<\/p>\n\n\n\n<p><strong>Bibelwort:<\/strong><br>\u201eMein Gott, mein Gott, warum hast du mich verlassen.&#8220; (Psalm 22, 2)<br>So betete Jesus am Kreuz.<\/p>\n\n\n\n<p><strong>Lage:<\/strong><br>am Flurweg zwischen Ohrenbach und Oberscheckenbach<\/p>\n\n\n\n<p><strong>Meditation:<\/strong><br>Diese Station l\u00e4dt Sie ein zur Geduld.<br>Topographisch liegt dieser Ort auf einer Ebene und mag andeuten: Leiden gibt es \u00fcberall.<br>Es ist wie im richtigen Leben: Am Leiden kommt keiner vorbei.<br>Vielleicht f\u00e4llt Ihnen etwas ein, worunter Sie selbst leiden. Oder etwas Schlimmes, das andere gerade erleiden m\u00fcssen.<br>Vielleicht gibt dieser Flurstein denen recht, die ungl\u00fccklich eingestehen: Ich leide unter der langsam mahlenden Gerechtigkeit Gottes. F\u00fcr andere wieder ist er vielleicht eine Best\u00e4tigung: Nur weil ich an Gott glaube, kann ich das unendliche Leid in der Welt \u00fcberhaupt aushalten.<br>Der Sohn Gottes, der zwischen die M\u00fchlr\u00e4der seiner Zeit gekommen ist, zaubert das Leid nicht einfach weg, aber er l\u00e4sst mich darin auch nicht umkommen. Gott bewahrt nicht vor dem Leid, aber er bewahrt im Leid. Das ist die Erfahrung vieler.<br>Sie haben sich auf den Weg gemacht. Sp\u00e4testens jetzt k\u00f6nnen Sie sp\u00fcren, dass im bewussten Erleben des Weges an sich schon eine Hoffnung steckt: Hier ist nicht die Endstation. Da kommen noch weitere Stationen: Erl\u00f6sung und Vers\u00f6hnung. Verzweiflung muss nicht das Letzte sein, wenn ich mich nach vorne ausrichte und an Gottes Zukunft glaube.<\/p>\n\n\n\n<p><strong>Geschichtliches:<\/strong><br>Die W\u00fcrde des Geschaffenen wird oft genug missachtet. Am 22. M\u00e4rz 1525 haben sich Bauern aus 18 D\u00f6rfern der Landwehr in Ohrenbach zusammengetan, weil sie freie Menschen sein wollten. Als \u201eSchwarze Schar von Ohrenbach&#8220; zogen sie gegen Rothenburg. Doch ihr Aufstand gegen Unterdr\u00fcckung wurde vom Ansbacher Markgrafen Kasimir brutal niedergeschlagen. Zur Strafe lie\u00df er das ganze Dorf niederbrennen und die Anf\u00fchrer grausam hinrichten. Ein Brunnen mit Bronzerelief von Werner Fichna vor dem Gemeindehaus erinnert an diese \u201eSchwarze Schar von Ohrenbach&#8220;.<\/p>\n","protected":false},"excerpt":{"rendered":"<p>Symbolik:Hostienm\u00fchle \u2013 der Christi Leib wird zermahlen und zum Leib Christi Bibelwort:\u201eMein Gott, mein Gott, warum hast du mich verlassen.&#8220; (Psalm 22, 2)So betete Jesus am Kreuz. Lage:am Flurweg zwischen Ohrenbach und Oberscheckenbach Meditation:Diese Station l\u00e4dt Sie ein zur Geduld.Topographisch liegt dieser Ort auf einer Ebene und mag andeuten: Leiden gibt es \u00fcberall.Es ist wie [&hellip;]<\/p>\n","protected":false},"author":1,"featured_media":0,"parent":0,"menu_order":0,"comment_status":"closed","ping_status":"closed","template":"","meta":{"ngg_post_thumbnail":0,"footnotes":""},"_links":{"self":[{"href":"https:\/\/thomas-ohme.de\/glaubensweg0\/wp-json\/wp\/v2\/pages\/181"}],"collection":[{"href":"https:\/\/thomas-ohme.de\/glaubensweg0\/wp-json\/wp\/v2\/pages"}],"about":[{"href":"https:\/\/thomas-ohme.de\/glaubensweg0\/wp-json\/wp\/v2\/types\/page"}],"author":[{"embeddable":true,"href":"https:\/\/thomas-ohme.de\/glaubensweg0\/wp-json\/wp\/v2\/users\/1"}],"replies":[{"embeddable":true,"href":"https:\/\/thomas-ohme.de\/glaubensweg0\/wp-json\/wp\/v2\/comments?post=181"}],"version-history":[{"count":1,"href":"https:\/\/thomas-ohme.de\/glaubensweg0\/wp-json\/wp\/v2\/pages\/181\/revisions"}],"predecessor-version":[{"id":182,"href":"https:\/\/thomas-ohme.de\/glaubensweg0\/wp-json\/wp\/v2\/pages\/181\/revisions\/182"}],"wp:attachment":[{"href":"https:\/\/thomas-ohme.de\/glaubensweg0\/wp-json\/wp\/v2\/media?parent=181"}],"curies":[{"name":"wp","href":"https:\/\/api.w.org\/{rel}","templated":true}]}}