{"id":184,"date":"2022-12-02T08:11:00","date_gmt":"2022-12-02T07:11:00","guid":{"rendered":"https:\/\/thomas-ohme.de\/glaubensweg0\/?page_id=184"},"modified":"2022-12-02T08:11:00","modified_gmt":"2022-12-02T07:11:00","slug":"station-iii-erloesung","status":"publish","type":"page","link":"https:\/\/thomas-ohme.de\/glaubensweg0\/station-iii-erloesung\/","title":{"rendered":"Station III &#8211; Erl\u00f6sung"},"content":{"rendered":"\n<figure class=\"wp-block-image size-large\"><img loading=\"lazy\" decoding=\"async\" width=\"805\" height=\"1024\" src=\"https:\/\/thomas-ohme.de\/glaubensweg0\/wp-content\/uploads\/2022\/12\/gw-iii-morgen-1-1110x1452-1-805x1024.png\" alt=\"\" class=\"wp-image-56\" srcset=\"https:\/\/thomas-ohme.de\/glaubensweg\/wp-content\/uploads\/2022\/12\/gw-iii-morgen-1-1110x1452-1-805x1024.png 805w, https:\/\/thomas-ohme.de\/glaubensweg\/wp-content\/uploads\/2022\/12\/gw-iii-morgen-1-1110x1452-1-236x300.png 236w, https:\/\/thomas-ohme.de\/glaubensweg\/wp-content\/uploads\/2022\/12\/gw-iii-morgen-1-1110x1452-1-768x977.png 768w, https:\/\/thomas-ohme.de\/glaubensweg\/wp-content\/uploads\/2022\/12\/gw-iii-morgen-1-1110x1452-1.png 1109w\" sizes=\"(max-width: 805px) 100vw, 805px\" \/><figcaption class=\"wp-element-caption\">Station III &#8211; Erl\u00f6sung<\/figcaption><\/figure>\n\n\n\n<p><strong>Symbolik:<\/strong><br>Licht der Sonne und der Auferstehung, Brot und Wein<\/p>\n\n\n\n<p><strong>Bibelwort:<\/strong><br>\u201eDer Herr ist mein Licht und mein Heil, vor wem sollte ich mich f\u00fcrchten?&#8220; (Psalm 90, 1-2)<\/p>\n\n\n\n<p><strong>Lage:<\/strong><br>auf Anh\u00f6he am n\u00f6rdlichen Ortsrand von Gro\u00dfharbach<\/p>\n\n\n\n<p><strong>Meditation:<\/strong><br>Diese Station l\u00e4dt Sie ein zum Hoffen.<br>Nehmen Sie wahr, wie Sie hier herausgekommen sind! Der Blick weitet sich. An sch\u00f6nen Tagen kann man weit ins W\u00fcrttembergische gen Westen hin\u00fcberschauen und die Burg Brauneck erkennen. Im Nordosten sehen Sie die Ausl\u00e4ufer des Steigerwaldes: ganz vorn den Schwanberg, dann den Bullenheimer Berg, den Frankenberg mit dem Schloss und als Kegelberg den Hohenlandsberg.<br>Nach dem Rundumblick wende ich mich dem Stein neben dem m\u00e4chtigen Birnbaum zu.<br>Mich spricht die offene Form dieses Steines an. Er strahlt Geborgenheit aus. Wie zwei H\u00e4nde, die etwas umschlie\u00dfen, halten und besch\u00fctzen. Ein Stein, an dem ich \u00fcber mich selbst hinausschauen kann: Der Himmel kommt mit in den Blick. Wie der Stein so \u00f6ffne ich mich selbst nach oben hin und werde empf\u00e4nglich f\u00fcr den, der Heruntergekommen ist zu uns, der einer von uns war, der wirklich Mensch war und uns gezeigt hat, wie wir miteinander umgehen sollen. Der nicht am Kreuz gescheitert ist. Denn der Stein war weg. Das Grab offen. Ostern. Jesus bei Gott. Gott auf der Seite des Gekreuzigten. Mit Tr\u00e4nen hat er ges\u00e4t. Aber es war nicht vergeblich!<br>Wenn ich an diesem Stein vor\u00fcberkomme, dann kann ich mich als Pilger erleben, als einer, der noch unterwegs ist, gest\u00e4rkt durch Brot und Wein. Ich darf unterwegs sein im Namen Jesu. An diesem Stein kann mir das Ziel meines Unterwegsseins aufleuchten wie die aufgehende Sonne: mein Platz bei Jesus an Gottes Seite. Hier kann und soll der alte Ostergru\u00df laut werden: Der Herr ist auferstanden! Er ist wahrhaftig auferstanden!<\/p>\n\n\n\n<p><strong>Geschichtliches:<\/strong><br>Die Kelten haben in dieser Gegend ihre Spuren hinterlassen: keltische Oppida auf dem Schwanberg, dem Bullenheimer Berg und in Finsterlohr, die dreiteilige Viereckschanze im Buchholz. An manchen Stellen finden sich noch vorchristliche Grabh\u00fcgel. Man vermutet, dass die Michaelskirche von Gro\u00dfharbach an einem alten Kultplatz errichtet wurde.<br>Seit 1430 ging die Rothenburger Landhege mitten durch Gro\u00dfharbach und trennte die rothenburgische H\u00e4lfte des Ortes von der markgr\u00e4flich-ansbachischen.<br>Der Landturm f\u00fcr den Hegereiter mit Zollstation steht noch mitten im Dorf (). Eine Bronzetafel erinnert daran, dass Christine von Schweden (1626-1689), die Tochter und Thronfolgerin des Schwedenk\u00f6nigs und Schutzherrn der Protestanten Gustav Adolf, auf ihrer Reise nach Rom am 3.9.1655 an dieser Stelle das Rothenburger Gebiet betrat mit einem Gefolge von 300 Personen.<\/p>\n","protected":false},"excerpt":{"rendered":"<p>Symbolik:Licht der Sonne und der Auferstehung, Brot und Wein Bibelwort:\u201eDer Herr ist mein Licht und mein Heil, vor wem sollte ich mich f\u00fcrchten?&#8220; (Psalm 90, 1-2) Lage:auf Anh\u00f6he am n\u00f6rdlichen Ortsrand von Gro\u00dfharbach Meditation:Diese Station l\u00e4dt Sie ein zum Hoffen.Nehmen Sie wahr, wie Sie hier herausgekommen sind! Der Blick weitet sich. An sch\u00f6nen Tagen kann [&hellip;]<\/p>\n","protected":false},"author":1,"featured_media":0,"parent":0,"menu_order":0,"comment_status":"closed","ping_status":"closed","template":"","meta":{"ngg_post_thumbnail":0,"footnotes":""},"_links":{"self":[{"href":"https:\/\/thomas-ohme.de\/glaubensweg0\/wp-json\/wp\/v2\/pages\/184"}],"collection":[{"href":"https:\/\/thomas-ohme.de\/glaubensweg0\/wp-json\/wp\/v2\/pages"}],"about":[{"href":"https:\/\/thomas-ohme.de\/glaubensweg0\/wp-json\/wp\/v2\/types\/page"}],"author":[{"embeddable":true,"href":"https:\/\/thomas-ohme.de\/glaubensweg0\/wp-json\/wp\/v2\/users\/1"}],"replies":[{"embeddable":true,"href":"https:\/\/thomas-ohme.de\/glaubensweg0\/wp-json\/wp\/v2\/comments?post=184"}],"version-history":[{"count":1,"href":"https:\/\/thomas-ohme.de\/glaubensweg0\/wp-json\/wp\/v2\/pages\/184\/revisions"}],"predecessor-version":[{"id":185,"href":"https:\/\/thomas-ohme.de\/glaubensweg0\/wp-json\/wp\/v2\/pages\/184\/revisions\/185"}],"wp:attachment":[{"href":"https:\/\/thomas-ohme.de\/glaubensweg0\/wp-json\/wp\/v2\/media?parent=184"}],"curies":[{"name":"wp","href":"https:\/\/api.w.org\/{rel}","templated":true}]}}