{"id":187,"date":"2022-12-02T08:14:23","date_gmt":"2022-12-02T07:14:23","guid":{"rendered":"https:\/\/thomas-ohme.de\/glaubensweg0\/?page_id=187"},"modified":"2022-12-02T08:14:23","modified_gmt":"2022-12-02T07:14:23","slug":"station-iv-versoehnung","status":"publish","type":"page","link":"https:\/\/thomas-ohme.de\/glaubensweg0\/station-iv-versoehnung\/","title":{"rendered":"Station IV &#8211; Vers\u00f6hnung"},"content":{"rendered":"\n<figure class=\"wp-block-image size-large\"><img loading=\"lazy\" decoding=\"async\" width=\"810\" height=\"1024\" src=\"https:\/\/thomas-ohme.de\/glaubensweg0\/wp-content\/uploads\/2022\/12\/gw-iv-morgen-4-1110x1480-1-810x1024.png\" alt=\"\" class=\"wp-image-57\" srcset=\"https:\/\/thomas-ohme.de\/glaubensweg\/wp-content\/uploads\/2022\/12\/gw-iv-morgen-4-1110x1480-1-810x1024.png 810w, https:\/\/thomas-ohme.de\/glaubensweg\/wp-content\/uploads\/2022\/12\/gw-iv-morgen-4-1110x1480-1-237x300.png 237w, https:\/\/thomas-ohme.de\/glaubensweg\/wp-content\/uploads\/2022\/12\/gw-iv-morgen-4-1110x1480-1-768x971.png 768w, https:\/\/thomas-ohme.de\/glaubensweg\/wp-content\/uploads\/2022\/12\/gw-iv-morgen-4-1110x1480-1.png 1108w\" sizes=\"(max-width: 810px) 100vw, 810px\" \/><figcaption class=\"wp-element-caption\">Station IV &#8211; Vers\u00f6hnung<\/figcaption><\/figure>\n\n\n\n<p><strong>Symbolik:<\/strong><br>Gottes Geist in Gestalt einer Taube \u00fcber den Gegens\u00e4tzen unserer Welt<\/p>\n\n\n\n<p><strong>Bibelwort:<\/strong><br>\u201eLehre mich tun nach deinem Wohlgefallen, denn du bist mein Gott; dein guter Geist f\u00fchre mich auf ebener Bahn.&#8220;<br>(Psalm 143, 10)<\/p>\n\n\n\n<p><strong>Lage:<\/strong><br>bei einem Geh\u00f6lz am Flurweg (alte Stra\u00dfe) zwischen Kleinharbach und Langensteinach<\/p>\n\n\n\n<p><strong>Meditation:<\/strong><br>Diese Station l\u00e4dt Sie ein zu Frieden und Vers\u00f6hnung. Etwas versteckt steht der Flurstein hier. Ein vers\u00f6hnliches Gespr\u00e4ch braucht einen gesch\u00fctzten Ort.<br>Eine Taube kommt \u00fcber unserer Welt herunter, Friedenstaube oder Symbol f\u00fcr Gottes Geist, den Geist der Liebe, der Kraft und der Besonnenheit. Pfingsten. Gott kommt unseren schwachen Bem\u00fchungen zu Hilfe. Menschen unterschiedlicher Sprache verstehen sich und finden einen Weg zueinander. Wer sich den unteren Teil des Steines genauer betrachtet, der entdeckt manche Gegens\u00e4tze: in der Mitte beinahe ein d\u00f6rfliches Idyll, wo die Kirche nicht fehlt; an der westlichen Seite Hochh\u00e4user und Wolkenkratzer einer s\u00e4kularisierten Welt; und an der \u00f6stlichen Seite Lehmh\u00fctten und Schirmakazien, dar\u00fcber eine Pagode, ein buddhistischer Tempel. Unsere Welt ist pluralistisch und voller Interessensgegens\u00e4tze und Machtk\u00e4mpfe. Noch einmal l\u00e4sst sich ahnen, dass Frieden und Vers\u00f6hnung nicht einfach zu haben sind, im weltweiten Ma\u00dfstab nicht und im pers\u00f6nlichen Umfeld nicht. An der Bereitschaft zur Vers\u00f6hnung erweist sich wahrer Glaube und tiefe Einsicht. Denn in Streit und \u00c4rger zu leben kostet mehr Kraft, als die Hand zur Vers\u00f6hnung zu reichen.<br>\u201eDer Mensch ist nie so sch\u00f6n, als wenn er um Verzeihung bittet oder selbst verzeiht.\u201e (Jean Paul)<\/p>\n\n\n\n<p><strong>Geschichtliches:<\/strong><br>Dieser vierte Flurstein befindet sich am alten Kirchenweg von Kleinharbach nach Langensteinach. Wurde fr\u00fcher ein Toter nach Langensteinach \u00fcberf\u00fchrt, hielt der Leichenzug dreimal f\u00fcr ein stilles Vaterunser.<\/p>\n","protected":false},"excerpt":{"rendered":"<p>Symbolik:Gottes Geist in Gestalt einer Taube \u00fcber den Gegens\u00e4tzen unserer Welt Bibelwort:\u201eLehre mich tun nach deinem Wohlgefallen, denn du bist mein Gott; dein guter Geist f\u00fchre mich auf ebener Bahn.&#8220;(Psalm 143, 10) Lage:bei einem Geh\u00f6lz am Flurweg (alte Stra\u00dfe) zwischen Kleinharbach und Langensteinach Meditation:Diese Station l\u00e4dt Sie ein zu Frieden und Vers\u00f6hnung. Etwas versteckt steht [&hellip;]<\/p>\n","protected":false},"author":1,"featured_media":0,"parent":0,"menu_order":0,"comment_status":"closed","ping_status":"closed","template":"","meta":{"ngg_post_thumbnail":0,"footnotes":""},"_links":{"self":[{"href":"https:\/\/thomas-ohme.de\/glaubensweg0\/wp-json\/wp\/v2\/pages\/187"}],"collection":[{"href":"https:\/\/thomas-ohme.de\/glaubensweg0\/wp-json\/wp\/v2\/pages"}],"about":[{"href":"https:\/\/thomas-ohme.de\/glaubensweg0\/wp-json\/wp\/v2\/types\/page"}],"author":[{"embeddable":true,"href":"https:\/\/thomas-ohme.de\/glaubensweg0\/wp-json\/wp\/v2\/users\/1"}],"replies":[{"embeddable":true,"href":"https:\/\/thomas-ohme.de\/glaubensweg0\/wp-json\/wp\/v2\/comments?post=187"}],"version-history":[{"count":1,"href":"https:\/\/thomas-ohme.de\/glaubensweg0\/wp-json\/wp\/v2\/pages\/187\/revisions"}],"predecessor-version":[{"id":188,"href":"https:\/\/thomas-ohme.de\/glaubensweg0\/wp-json\/wp\/v2\/pages\/187\/revisions\/188"}],"wp:attachment":[{"href":"https:\/\/thomas-ohme.de\/glaubensweg0\/wp-json\/wp\/v2\/media?parent=187"}],"curies":[{"name":"wp","href":"https:\/\/api.w.org\/{rel}","templated":true}]}}