{"id":195,"date":"2022-12-02T08:24:49","date_gmt":"2022-12-02T07:24:49","guid":{"rendered":"https:\/\/thomas-ohme.de\/glaubensweg0\/?page_id=195"},"modified":"2022-12-02T08:24:49","modified_gmt":"2022-12-02T07:24:49","slug":"kirche-reichardsroth","status":"publish","type":"page","link":"https:\/\/thomas-ohme.de\/glaubensweg0\/kirche-reichardsroth\/","title":{"rendered":"Kirche Reichardsroth"},"content":{"rendered":"\n<figure class=\"wp-block-image size-full\"><img loading=\"lazy\" decoding=\"async\" width=\"720\" height=\"962\" src=\"https:\/\/thomas-ohme.de\/glaubensweg0\/wp-content\/uploads\/2022\/12\/kirche-5-018-720x962-1.jpg\" alt=\"\" class=\"wp-image-73\" srcset=\"https:\/\/thomas-ohme.de\/glaubensweg\/wp-content\/uploads\/2022\/12\/kirche-5-018-720x962-1.jpg 720w, https:\/\/thomas-ohme.de\/glaubensweg\/wp-content\/uploads\/2022\/12\/kirche-5-018-720x962-1-225x300.jpg 225w\" sizes=\"(max-width: 720px) 100vw, 720px\" \/><figcaption class=\"wp-element-caption\">Kirche Reichardsroth<\/figcaption><\/figure>\n\n\n\n<p><br><strong>Johanniskirche in Reichardsroth<\/strong><br>An der alten Stra\u00dfe von W\u00fcrzburg nach Augsburg lie\u00df Kaiser Friedrich I., Barbarossa, und Albrecht von Hohenlohe 1182 eine selbst\u00e4ndige Kirche mit Hospital errichten zum Schutz der Pilger und Reisenden. 1192 wurde beides dem Johanniterorden \u00fcbergeben. Der alte Torbogen, Mauerreste, Scheunen, Gutshaus und Teile der sp\u00e4tromanischen Kirche, die am 26.4.1254 eingeweiht wurde, zeugen noch heute von der ehemaligen Johanniterkommende. Der letzte Komtur in Reichardsroth Georg von Scharenstetten stiftete um 1450 ein Sakramentsh\u00e4uschen, von dem noch zwei Sandsteinreliefs erhalten sind: der Stifter und zwei Engel mit Monstranz. Mitte des 15. Jh. wurde der Ordenskonvent in Reichardsroth aufgel\u00f6st. F\u00fcr den Wirtschaftshof der Johanniter setzte der Komtur von Rothenburg einen weltlichen P\u00e4chter ein. Das Kirchenschiff verfiel seit dem 17. Jh. immer mehr und wurde 1806 vollends abgerissen. 1808 wurde die Johanniterkommende verstaatlicht und 1835 das Johannitergut an die sogenannten acht Hofbauern verkauft.<br>2004 feierte die Kirchengemeinde Reichardsroth das 750-j\u00e4hrige Jubil\u00e4um ihrer Kirche unter Beteiligung von Johannitern der Subkommende Franken. Eine Festschrift informiert ausf\u00fchrlich \u00fcber die Geschichte.<br>Die Kirchengemeinde Reichardsroth geh\u00f6rt mit Gro\u00dfharbach und Kleinharbach zur Pfarrei Langensteinach.<br>Aufgrund der alten Pilgertradition bietet sich Reichardsroth sehr gut als Ausgangspunkt f\u00fcr den Glaubensweg an. Der Schl\u00fcssel ist bei Mend (Tel. 09865\/780) neben der Kirche erh\u00e4ltlich.<\/p>\n","protected":false},"excerpt":{"rendered":"<p>Johanniskirche in ReichardsrothAn der alten Stra\u00dfe von W\u00fcrzburg nach Augsburg lie\u00df Kaiser Friedrich I., Barbarossa, und Albrecht von Hohenlohe 1182 eine selbst\u00e4ndige Kirche mit Hospital errichten zum Schutz der Pilger und Reisenden. 1192 wurde beides dem Johanniterorden \u00fcbergeben. Der alte Torbogen, Mauerreste, Scheunen, Gutshaus und Teile der sp\u00e4tromanischen Kirche, die am 26.4.1254 eingeweiht wurde, zeugen [&hellip;]<\/p>\n","protected":false},"author":1,"featured_media":0,"parent":0,"menu_order":0,"comment_status":"closed","ping_status":"closed","template":"","meta":{"ngg_post_thumbnail":0,"footnotes":""},"_links":{"self":[{"href":"https:\/\/thomas-ohme.de\/glaubensweg0\/wp-json\/wp\/v2\/pages\/195"}],"collection":[{"href":"https:\/\/thomas-ohme.de\/glaubensweg0\/wp-json\/wp\/v2\/pages"}],"about":[{"href":"https:\/\/thomas-ohme.de\/glaubensweg0\/wp-json\/wp\/v2\/types\/page"}],"author":[{"embeddable":true,"href":"https:\/\/thomas-ohme.de\/glaubensweg0\/wp-json\/wp\/v2\/users\/1"}],"replies":[{"embeddable":true,"href":"https:\/\/thomas-ohme.de\/glaubensweg0\/wp-json\/wp\/v2\/comments?post=195"}],"version-history":[{"count":1,"href":"https:\/\/thomas-ohme.de\/glaubensweg0\/wp-json\/wp\/v2\/pages\/195\/revisions"}],"predecessor-version":[{"id":196,"href":"https:\/\/thomas-ohme.de\/glaubensweg0\/wp-json\/wp\/v2\/pages\/195\/revisions\/196"}],"wp:attachment":[{"href":"https:\/\/thomas-ohme.de\/glaubensweg0\/wp-json\/wp\/v2\/media?parent=195"}],"curies":[{"name":"wp","href":"https:\/\/api.w.org\/{rel}","templated":true}]}}