{"id":197,"date":"2022-12-02T08:26:19","date_gmt":"2022-12-02T07:26:19","guid":{"rendered":"https:\/\/thomas-ohme.de\/glaubensweg0\/?page_id=197"},"modified":"2022-12-02T08:26:19","modified_gmt":"2022-12-02T07:26:19","slug":"kirche-ohrenbach","status":"publish","type":"page","link":"https:\/\/thomas-ohme.de\/glaubensweg0\/kirche-ohrenbach\/","title":{"rendered":"Kirche Ohrenbach"},"content":{"rendered":"\n<figure class=\"wp-block-image size-full\"><img loading=\"lazy\" decoding=\"async\" width=\"718\" height=\"959\" src=\"https:\/\/thomas-ohme.de\/glaubensweg0\/wp-content\/uploads\/2022\/12\/ohrenbach-kirche-1-720x960-1.png\" alt=\"\" class=\"wp-image-85\" srcset=\"https:\/\/thomas-ohme.de\/glaubensweg\/wp-content\/uploads\/2022\/12\/ohrenbach-kirche-1-720x960-1.png 718w, https:\/\/thomas-ohme.de\/glaubensweg\/wp-content\/uploads\/2022\/12\/ohrenbach-kirche-1-720x960-1-225x300.png 225w\" sizes=\"(max-width: 718px) 100vw, 718px\" \/><figcaption class=\"wp-element-caption\">Kirche Ohrenbach<\/figcaption><\/figure>\n\n\n\n<p><strong>Kirche St. Johannis in Ohrenbach<\/strong><br>Bis 1449 geh\u00f6rte Ohrenbach zur \u201eUrfarrei\u201e Langensteinach. Die Ohrenbacher Kirche ist Johannes dem T\u00e4ufer geweiht, was auf eine alte Taufkirche schlie\u00dfen l\u00e4sst. Die Wurzeln der Kirche reichen ins 12. Jh. zur\u00fcck. Das Langhaus ist in seinem Kern hochmittelalterlich. Eine bemalte Balkendecke wurde bei der Renovierung 1983 wieder freigelegt. Der Westturm der Kirche wurde 1599\/1602 abgetragen und durch einen \u00f6stlich angef\u00fcgten Chorturm ersetzt. Im Schlussstein des Chorgew\u00f6lbes ist das Wappen der Reichsstadt Rothenburg zu sehen. Bemerkenswert ist ein Abendmahlsgem\u00e4lde aus dem Jahr 1817, auf dem die Geistlichen bei der Austeilung des Abendmahls wei\u00dfe Chorhemden tragen. Da die Markgrafschaft Ansbach-Bayreuth 1798 an das calvinistische preu\u00dfische K\u00f6nigshaus kam, das Alt\u00e4re, Kerzen, Kruzifixe und Chorhemden verbat, kann in dem Bild ein stiller Protest gegen die neuen Machthaber gesehen werden.<br>Zur Pfarrei Ohrenbach geh\u00f6ren heute auch die Ortschaften Gailshofen, Oberscheckenbach, Gumpelshofen und Habelsee.<\/p>\n","protected":false},"excerpt":{"rendered":"<p>Kirche St. Johannis in OhrenbachBis 1449 geh\u00f6rte Ohrenbach zur \u201eUrfarrei\u201e Langensteinach. Die Ohrenbacher Kirche ist Johannes dem T\u00e4ufer geweiht, was auf eine alte Taufkirche schlie\u00dfen l\u00e4sst. Die Wurzeln der Kirche reichen ins 12. Jh. zur\u00fcck. Das Langhaus ist in seinem Kern hochmittelalterlich. Eine bemalte Balkendecke wurde bei der Renovierung 1983 wieder freigelegt. Der Westturm der [&hellip;]<\/p>\n","protected":false},"author":1,"featured_media":0,"parent":0,"menu_order":0,"comment_status":"closed","ping_status":"closed","template":"","meta":{"ngg_post_thumbnail":0,"footnotes":""},"_links":{"self":[{"href":"https:\/\/thomas-ohme.de\/glaubensweg0\/wp-json\/wp\/v2\/pages\/197"}],"collection":[{"href":"https:\/\/thomas-ohme.de\/glaubensweg0\/wp-json\/wp\/v2\/pages"}],"about":[{"href":"https:\/\/thomas-ohme.de\/glaubensweg0\/wp-json\/wp\/v2\/types\/page"}],"author":[{"embeddable":true,"href":"https:\/\/thomas-ohme.de\/glaubensweg0\/wp-json\/wp\/v2\/users\/1"}],"replies":[{"embeddable":true,"href":"https:\/\/thomas-ohme.de\/glaubensweg0\/wp-json\/wp\/v2\/comments?post=197"}],"version-history":[{"count":1,"href":"https:\/\/thomas-ohme.de\/glaubensweg0\/wp-json\/wp\/v2\/pages\/197\/revisions"}],"predecessor-version":[{"id":198,"href":"https:\/\/thomas-ohme.de\/glaubensweg0\/wp-json\/wp\/v2\/pages\/197\/revisions\/198"}],"wp:attachment":[{"href":"https:\/\/thomas-ohme.de\/glaubensweg0\/wp-json\/wp\/v2\/media?parent=197"}],"curies":[{"name":"wp","href":"https:\/\/api.w.org\/{rel}","templated":true}]}}