{"id":199,"date":"2022-12-02T08:33:26","date_gmt":"2022-12-02T07:33:26","guid":{"rendered":"https:\/\/thomas-ohme.de\/glaubensweg0\/?page_id=199"},"modified":"2022-12-02T08:33:26","modified_gmt":"2022-12-02T07:33:26","slug":"kirche-oberscheckenbach","status":"publish","type":"page","link":"https:\/\/thomas-ohme.de\/glaubensweg0\/kirche-oberscheckenbach\/","title":{"rendered":"Kirche Oberscheckenbach"},"content":{"rendered":"\n<figure class=\"wp-block-image size-full\"><img loading=\"lazy\" decoding=\"async\" width=\"720\" height=\"959\" src=\"https:\/\/thomas-ohme.de\/glaubensweg0\/wp-content\/uploads\/2022\/12\/ober-kirche-720x960-1.png\" alt=\"\" class=\"wp-image-80\" srcset=\"https:\/\/thomas-ohme.de\/glaubensweg\/wp-content\/uploads\/2022\/12\/ober-kirche-720x960-1.png 720w, https:\/\/thomas-ohme.de\/glaubensweg\/wp-content\/uploads\/2022\/12\/ober-kirche-720x960-1-225x300.png 225w\" sizes=\"(max-width: 720px) 100vw, 720px\" \/><figcaption class=\"wp-element-caption\">Kirche Oberscheckenbach<\/figcaption><\/figure>\n\n\n\n<p><strong>Kirche St. Kilian in Oberscheckenbach<\/strong><br>Im 8. Jh. stifteten die \u201eHerren von der Roten Burg\u201e f\u00fcr die Neubekehrten eine Kapelle in Oberscheckenbach. Ihren Namen hat die Kirche vom Frankenapostel Kilian, der 689 den M\u00e4rtyrertod in W\u00fcrzburg starb. In der sp\u00e4tmittelalterlichen Chorturmanlage sind Fresken mit Motiven aus der Geschichte des Frankenapostels und aus dem Leben Jesu (Geburt, Gethsemane) sehenswert. Das Kreuzgew\u00f6lbe des Chores ist als Himmel mit den vier Evangelistensymbolen ausgestaltet. Der kleine Friedhof um die Kirche wurde 1891 angelegt und geweiht.<\/p>\n","protected":false},"excerpt":{"rendered":"<p>Kirche St. Kilian in OberscheckenbachIm 8. Jh. stifteten die \u201eHerren von der Roten Burg\u201e f\u00fcr die Neubekehrten eine Kapelle in Oberscheckenbach. Ihren Namen hat die Kirche vom Frankenapostel Kilian, der 689 den M\u00e4rtyrertod in W\u00fcrzburg starb. In der sp\u00e4tmittelalterlichen Chorturmanlage sind Fresken mit Motiven aus der Geschichte des Frankenapostels und aus dem Leben Jesu (Geburt, [&hellip;]<\/p>\n","protected":false},"author":1,"featured_media":0,"parent":0,"menu_order":0,"comment_status":"closed","ping_status":"closed","template":"","meta":{"ngg_post_thumbnail":0,"footnotes":""},"_links":{"self":[{"href":"https:\/\/thomas-ohme.de\/glaubensweg0\/wp-json\/wp\/v2\/pages\/199"}],"collection":[{"href":"https:\/\/thomas-ohme.de\/glaubensweg0\/wp-json\/wp\/v2\/pages"}],"about":[{"href":"https:\/\/thomas-ohme.de\/glaubensweg0\/wp-json\/wp\/v2\/types\/page"}],"author":[{"embeddable":true,"href":"https:\/\/thomas-ohme.de\/glaubensweg0\/wp-json\/wp\/v2\/users\/1"}],"replies":[{"embeddable":true,"href":"https:\/\/thomas-ohme.de\/glaubensweg0\/wp-json\/wp\/v2\/comments?post=199"}],"version-history":[{"count":1,"href":"https:\/\/thomas-ohme.de\/glaubensweg0\/wp-json\/wp\/v2\/pages\/199\/revisions"}],"predecessor-version":[{"id":200,"href":"https:\/\/thomas-ohme.de\/glaubensweg0\/wp-json\/wp\/v2\/pages\/199\/revisions\/200"}],"wp:attachment":[{"href":"https:\/\/thomas-ohme.de\/glaubensweg0\/wp-json\/wp\/v2\/media?parent=199"}],"curies":[{"name":"wp","href":"https:\/\/api.w.org\/{rel}","templated":true}]}}