{"id":210,"date":"2022-12-02T08:45:33","date_gmt":"2022-12-02T07:45:33","guid":{"rendered":"https:\/\/thomas-ohme.de\/glaubensweg0\/?page_id=210"},"modified":"2022-12-02T10:17:41","modified_gmt":"2022-12-02T09:17:41","slug":"gastlichkeit","status":"publish","type":"page","link":"https:\/\/thomas-ohme.de\/glaubensweg0\/gastlichkeit\/","title":{"rendered":"Gastlichkeit"},"content":{"rendered":"\n<p>Ob Gasth\u00e4user und Ferienwohnungen, Ferienhof\/Camping, Winzer\/Direktvermarkter, Hofladen oder Kunsthandwerk:<br>die Gastgeber am Glaubensweg freuen sich auf Ihren Besuch.<\/p>\n\n\n\n<p><strong>Gasth\u00e4user\/Ferienwohnungen<\/strong><br>Reichardsroth<br><a href=\"http:\/\/www.zur-frohen-einkehr.de\" target=\"_blank\" rel=\"noreferrer noopener\">Gasthof &#8222;Zur frohen Einkehr&#8220;<\/a>, Reichardsroth 17, 91620 Ohrenbach, Tel. 09865\/301 mit \u00dcbernachtung (Di. Ruhetag).<\/p>\n\n\n\n<p>Ohrenbach<br><a href=\"https:\/\/www.gasthaus-rotes-ross.de\" target=\"_blank\" rel=\"noreferrer noopener\">Gasthof &#8222;Rotes Ross&#8220;<\/a>, 91620 Ohrenbach 21, Tel. 09865\/311 mit \u00dcbernachtung (Mo. Ruhetag).<\/p>\n\n\n\n<p>Oberscheckenbach<br>Gasthof &#8222;Zum L\u00f6wen&#8220;, (09865\/504) mit \u00dcbernachtung (Mi. Ruhetag).<\/p>\n\n\n\n<p>Gro\u00dfharbach<br>Gasthaus &#8222;Zur Sonne&#8220;, Gro\u00dfharbach 13, 91587 Adelshofen, Tel. 09865\/1254, (Di. Ruhetag).<\/p>\n\n\n\n<p>Kleinharbach<br><a rel=\"noreferrer noopener\" href=\"https:\/\/www.glockenhaeusle.de\" target=\"_blank\">&#8222;Glockenh\u00e4usle&#8220;<\/a>, Kleinharbach 8, 97215 Uffenheim, Tel. 09865\/9520 (Sa ab 15 Uhr, So ab 11 Uhr und nach Vorbestellung)<\/p>\n\n\n\n<p>Langensteinach<br>Gasthaus &#8222;Zum Falk&#8220;, Langensteinach 20, 97215 Uffenheim, Tel. 09865\/408 (Di, Fr. Sa. So ab 15 Uhr Getr\u00e4nke).<\/p>\n\n\n\n<p>Neustett<br><a href=\"http:\/\/www.neustett-gruenerbaum.de\" target=\"_blank\" rel=\"noreferrer noopener\">Gasthaus &#8222;Gr\u00fcner Baum&#8220;<\/a>, Neustett 4, 91587 Adelshofen, Tel. 09865\/340 mit \u00dcbernachtung.<\/p>\n\n\n\n<p>Tauberzell<br><a rel=\"noreferrer noopener\" href=\"http:\/\/www.winzerverein-tauberzell.de\" target=\"_blank\">T<\/a><a href=\"http:\/\/www.winzerverein-tauberzell.de\" target=\"_blank\" rel=\"noreferrer noopener\">auberzeller &#8222;Hirtenscheune&#8220;<\/a>, Tauberzell, 91587 Adelshofen, Tel. 09865\/336 oder 588<br><a href=\"https:\/\/www.landhaus-zum-falken.de\" target=\"_blank\" rel=\"noreferrer noopener\">Landhaus &#8222;Zum Falken&#8220;<\/a>, Tauberzell 41, 91587 Adelshofen, Tel. 09865\/941940<\/p>\n\n\n\n<p><br><strong>Ferienhof\/Camping<\/strong><br>&#8222;Hofh\u00e4usle&#8220; Familie Decker, Equarhofen 44, 97215 Simmershofen, Tel. 09848\/384<br><a rel=\"noreferrer noopener\" href=\"http:\/\/www.historische-schaeferei.de\" target=\"_blank\">Historisches Sch\u00e4ferhaus<\/a>, Frauental, 97993 Creglingen, Tel. 09842\/97930<br><a href=\"http:\/\/www.ferienbauernhof-ott.de\" target=\"_blank\" rel=\"noreferrer noopener\">Ferienhof Ott<\/a>, Gro\u00dfharbach 15, 91587 Adelshofen,Tel. 09865\/874<br><a rel=\"noreferrer noopener\" href=\"http:\/\/www.ferienappartements-rothenburg.de\" target=\"_blank\">Haus &#8222;Benji&#8220;<\/a>, **** Wiesenstra\u00dfe 10, 91587 Adelshofen, Tel. 09865\/9419791<br><a rel=\"noreferrer noopener\" href=\"https:\/\/www.camping-paradies-franken.de\" target=\"_blank\">Campingparadies &#8222;Franken&#8220;<\/a>, Walkershofen 11, 91215 Simmershofen, Tel. 09848\/402<br><a rel=\"noreferrer noopener\" href=\"http:\/\/www.korschhof.de\" target=\"_blank\">Ferienbauernhof &#8222;Korsch-Hof&#8220;<\/a>, *** Langensteinach 44, 97215 Uffenheim, Tel. 09865\/562<br>Ferienpension &#8222;Heuhotel Stahl&#8220;, Weidenhof 1, 97993 Creglingen, Tel. 07933\/378<br><a rel=\"noreferrer noopener\" href=\"http:\/\/www.ferienhof-zink.de\" target=\"_blank\">Ferienhof Zink<\/a>, Reichardsroth 2, 91620 Ohrenbach, Tel 09865\/807<br><a rel=\"noreferrer noopener\" href=\"https:\/\/www.landurlaub-jung.de\" target=\"_blank\">Landurlaub Jung<\/a>, Reichardsroth 1, 91620 Ohrenbach, Tel. 09865\/723<\/p>\n\n\n\n<p><br><strong>Winzer\/Direktvermarkter<\/strong><br>H\u00e4ckerwirtschaft &#8222;Zum Hasennestle&#8220;, Neustett 25, 91587 Adelshofen, Tel. 09865\/337<br><a rel=\"noreferrer noopener\" href=\"https:\/\/www.kraemer-oeko-logisch.de\/index.php\/startseite.html\" target=\"_blank\">Weinbau Familie Kr\u00e4mer<\/a>, Lange Dorfstra\u00dfe 24, 97215 Auernhofen, Tel. 09848\/96845<br><a href=\"http:\/\/www.ferienbauernhof-ott.de\" target=\"_blank\" rel=\"noreferrer noopener\">Weinbau Ott<\/a>, Gro\u00dfharbach 15, 91587 Adelshofen, Tel. 09865\/874<br><a rel=\"noreferrer noopener\" href=\"https:\/\/www.winzerhof-stahl.de\" target=\"_blank\">Winzerhof Stahl<\/a>, Lange Dorfstra\u00dfe 21, 97215 Auernhofen, Tel. 09848\/96896<br><a rel=\"noreferrer noopener\" href=\"https:\/\/www.landwehr-braeu.de\" target=\"_blank\">Privatbrauerei Landwehrbr\u00e4u<\/a>, Reichelshofen 31, 91628 Steinsfeld,<br>Tel. 09865\/9890<\/p>\n\n\n\n<p><br><strong>Hofl\u00e4den<\/strong><br>Oppelt\u00b4s Hofladen, Gro\u00dfharbach 21, 91587 Adelshofen, Tel. 09865\/9525<br>(Fr 13-18 Uhr ge\u00f6ffnet).<br><a rel=\"noreferrer noopener\" href=\"https:\/\/www.biohofkilian.de\" target=\"_blank\">Der Hofladen Kilian<\/a>, Welbhausen, 97215 Uffenheim, Tel. 09842\/97939<br>(Fr 13.30-18.30, Sa 9.30-11.30 Uhr).<\/p>\n","protected":false},"excerpt":{"rendered":"<p>Ob Gasth\u00e4user und Ferienwohnungen, Ferienhof\/Camping, Winzer\/Direktvermarkter, Hofladen oder Kunsthandwerk:die Gastgeber am Glaubensweg freuen sich auf Ihren Besuch. Gasth\u00e4user\/FerienwohnungenReichardsrothGasthof &#8222;Zur frohen Einkehr&#8220;, Reichardsroth 17, 91620 Ohrenbach, Tel. 09865\/301 mit \u00dcbernachtung (Di. Ruhetag). OhrenbachGasthof &#8222;Rotes Ross&#8220;, 91620 Ohrenbach 21, Tel. 09865\/311 mit \u00dcbernachtung (Mo. Ruhetag). OberscheckenbachGasthof &#8222;Zum L\u00f6wen&#8220;, (09865\/504) mit \u00dcbernachtung (Mi. Ruhetag). Gro\u00dfharbachGasthaus &#8222;Zur Sonne&#8220;, Gro\u00dfharbach [&hellip;]<\/p>\n","protected":false},"author":1,"featured_media":0,"parent":0,"menu_order":0,"comment_status":"closed","ping_status":"closed","template":"","meta":{"ngg_post_thumbnail":0,"footnotes":""},"_links":{"self":[{"href":"https:\/\/thomas-ohme.de\/glaubensweg0\/wp-json\/wp\/v2\/pages\/210"}],"collection":[{"href":"https:\/\/thomas-ohme.de\/glaubensweg0\/wp-json\/wp\/v2\/pages"}],"about":[{"href":"https:\/\/thomas-ohme.de\/glaubensweg0\/wp-json\/wp\/v2\/types\/page"}],"author":[{"embeddable":true,"href":"https:\/\/thomas-ohme.de\/glaubensweg0\/wp-json\/wp\/v2\/users\/1"}],"replies":[{"embeddable":true,"href":"https:\/\/thomas-ohme.de\/glaubensweg0\/wp-json\/wp\/v2\/comments?post=210"}],"version-history":[{"count":6,"href":"https:\/\/thomas-ohme.de\/glaubensweg0\/wp-json\/wp\/v2\/pages\/210\/revisions"}],"predecessor-version":[{"id":248,"href":"https:\/\/thomas-ohme.de\/glaubensweg0\/wp-json\/wp\/v2\/pages\/210\/revisions\/248"}],"wp:attachment":[{"href":"https:\/\/thomas-ohme.de\/glaubensweg0\/wp-json\/wp\/v2\/media?parent=210"}],"curies":[{"name":"wp","href":"https:\/\/api.w.org\/{rel}","templated":true}]}}