{"id":19,"date":"2023-01-22T16:29:35","date_gmt":"2023-01-22T15:29:35","guid":{"rendered":"https:\/\/thomas-ohme.de\/photographie\/home\/"},"modified":"2026-03-19T09:45:45","modified_gmt":"2026-03-19T08:45:45","slug":"home","status":"publish","type":"page","link":"https:\/\/thomas-ohme.de\/photographie\/","title":{"rendered":"Lieblingsbilder"},"content":{"rendered":"\n<figure class=\"wp-block-table aligncenter is-style-regular\"><table class=\"has-fixed-layout\"><tbody><tr><td class=\"has-text-align-center\" data-align=\"center\"><img loading=\"lazy\" decoding=\"async\" width=\"150\" height=\"113\" class=\"wp-image-162\" style=\"width: 150px;\" src=\"https:\/\/thomas-ohme.de\/photographie\/wp-content\/uploads\/2026\/03\/Landschaft12-scaled.jpeg\" alt=\"\" srcset=\"https:\/\/thomas-ohme.de\/photographie\/wp-content\/uploads\/2026\/03\/Landschaft12-scaled.jpeg 2560w, https:\/\/thomas-ohme.de\/photographie\/wp-content\/uploads\/2026\/03\/Landschaft12-300x226.jpeg 300w, https:\/\/thomas-ohme.de\/photographie\/wp-content\/uploads\/2026\/03\/Landschaft12-1024x771.jpeg 1024w, https:\/\/thomas-ohme.de\/photographie\/wp-content\/uploads\/2026\/03\/Landschaft12-768x578.jpeg 768w, https:\/\/thomas-ohme.de\/photographie\/wp-content\/uploads\/2026\/03\/Landschaft12-1536x1156.jpeg 1536w, https:\/\/thomas-ohme.de\/photographie\/wp-content\/uploads\/2026\/03\/Landschaft12-2048x1542.jpeg 2048w\" sizes=\"auto, (max-width: 150px) 100vw, 150px\" \/><\/td><td class=\"has-text-align-center\" data-align=\"center\"><img loading=\"lazy\" decoding=\"async\" width=\"150\" height=\"100\" class=\"wp-image-58\" style=\"width: 150px;\" src=\"https:\/\/thomas-ohme.de\/photographie\/wp-content\/uploads\/2023\/01\/negative0-25-252-2000x1333-1.png\" alt=\"\" srcset=\"https:\/\/thomas-ohme.de\/photographie\/wp-content\/uploads\/2023\/01\/negative0-25-252-2000x1333-1.png 1997w, https:\/\/thomas-ohme.de\/photographie\/wp-content\/uploads\/2023\/01\/negative0-25-252-2000x1333-1-300x199.png 300w, https:\/\/thomas-ohme.de\/photographie\/wp-content\/uploads\/2023\/01\/negative0-25-252-2000x1333-1-1024x680.png 1024w, https:\/\/thomas-ohme.de\/photographie\/wp-content\/uploads\/2023\/01\/negative0-25-252-2000x1333-1-768x510.png 768w, https:\/\/thomas-ohme.de\/photographie\/wp-content\/uploads\/2023\/01\/negative0-25-252-2000x1333-1-1536x1020.png 1536w\" sizes=\"auto, (max-width: 150px) 100vw, 150px\" \/><\/td><\/tr><tr><td class=\"has-text-align-center\" data-align=\"center\"><img loading=\"lazy\" decoding=\"async\" width=\"150\" height=\"111\" class=\"wp-image-161\" style=\"width: 150px;\" src=\"https:\/\/thomas-ohme.de\/photographie\/wp-content\/uploads\/2026\/03\/Landschaft11-scaled.jpeg\" alt=\"\" srcset=\"https:\/\/thomas-ohme.de\/photographie\/wp-content\/uploads\/2026\/03\/Landschaft11-scaled.jpeg 2560w, https:\/\/thomas-ohme.de\/photographie\/wp-content\/uploads\/2026\/03\/Landschaft11-300x223.jpeg 300w, https:\/\/thomas-ohme.de\/photographie\/wp-content\/uploads\/2026\/03\/Landschaft11-1024x760.jpeg 1024w, https:\/\/thomas-ohme.de\/photographie\/wp-content\/uploads\/2026\/03\/Landschaft11-768x570.jpeg 768w, https:\/\/thomas-ohme.de\/photographie\/wp-content\/uploads\/2026\/03\/Landschaft11-1536x1140.jpeg 1536w, https:\/\/thomas-ohme.de\/photographie\/wp-content\/uploads\/2026\/03\/Landschaft11-2048x1520.jpeg 2048w\" sizes=\"auto, (max-width: 150px) 100vw, 150px\" \/><\/td><td class=\"has-text-align-center\" data-align=\"center\"><img loading=\"lazy\" decoding=\"async\" width=\"150\" height=\"113\" class=\"wp-image-56\" style=\"width: 150px;\" src=\"https:\/\/thomas-ohme.de\/photographie\/wp-content\/uploads\/2023\/01\/p1000193-2000x1500-1.png\" alt=\"\" srcset=\"https:\/\/thomas-ohme.de\/photographie\/wp-content\/uploads\/2023\/01\/p1000193-2000x1500-1.png 1997w, https:\/\/thomas-ohme.de\/photographie\/wp-content\/uploads\/2023\/01\/p1000193-2000x1500-1-300x225.png 300w, https:\/\/thomas-ohme.de\/photographie\/wp-content\/uploads\/2023\/01\/p1000193-2000x1500-1-1024x769.png 1024w, https:\/\/thomas-ohme.de\/photographie\/wp-content\/uploads\/2023\/01\/p1000193-2000x1500-1-768x577.png 768w, https:\/\/thomas-ohme.de\/photographie\/wp-content\/uploads\/2023\/01\/p1000193-2000x1500-1-1536x1154.png 1536w\" sizes=\"auto, (max-width: 150px) 100vw, 150px\" \/><\/td><\/tr><\/tbody><\/table><\/figure>\n\n\n\n<p>Ich hei\u00dfe Thomas Ohme und habe 1982 meine Fotographen-Lehre abgeschlossen.<\/p>\n\n\n\n<p>Angefangen mit eigener Dunkelkammer habe ich meine Filme und Bilder selbst entwickelt. Sp\u00e4ter folgte die Besch\u00e4ftigung mit der Digital-Fotographie.<\/p>\n\n\n\n<p>Die Fotos k\u00f6nnen bei Nennung meines Namens als Urheber kostenlos f\u00fcr private Zwecke verwendet werden.<\/p>\n\n\n\n<p>Architektur &#8211; ein spannendes Feld: <a href=\"https:\/\/thomas-ohme.de\/photographie\/2023\/01\/22\/architektur\/\" data-type=\"page\" data-id=\"46\">Zur Galerie<\/a><\/p>\n\n\n\n<p>Landschaften &#8211; ein unersch\u00f6pfliches Erlebnis: <a href=\"https:\/\/thomas-ohme.de\/photographie\/landschaften\/\" data-type=\"page\" data-id=\"43\">Zur Galerie<\/a><\/p>\n\n\n\n<p>Natur &#8211; faszinierend und abwechslungsreich. <a href=\"https:\/\/thomas-ohme.de\/photographie\/natur\/\" data-type=\"page\" data-id=\"49\">Zur Galerie<\/a><\/p>\n\n\n\n<p>Landschaften in Schwarzwei\u00df &#8211; eine andere Sichtweise: <a href=\"https:\/\/thomas-ohme.de\/photographie\/landschaften-in-schwarz-weiss\/\" data-type=\"page\" data-id=\"159\">Zur Galerie<\/a><\/p>\n\n\n\n<p>Senlis &#8211; ein pittoreskes St\u00e4dtchen in der Ile de France: <a href=\"https:\/\/thomas-ohme.de\/photographie\/senlis\/\" data-type=\"page\" data-id=\"195\">Zur Galerie<\/a><\/p>\n\n\n\n<p>Paris &#8211; einmal meine Lieblingsstadt: <a href=\"https:\/\/thomas-ohme.de\/photographie\/paris\/\" data-type=\"page\" data-id=\"233\">Zur Galerie<\/a><\/p>\n\n\n\n<p>Rh\u00f6n &#8211; mein absolutes Lieblingsmittelgebirge: <a href=\"https:\/\/thomas-ohme.de\/photographie\/rhoen-das-land-der-offenen-fernen\/\" data-type=\"page\" data-id=\"221\">Zur Galerie<\/a><\/p>\n\n\n\n<p>Toskana &#8211; Landschaft zum Tr\u00e4umen: <a href=\"https:\/\/thomas-ohme.de\/photographie\/toskana\/\" data-type=\"page\" data-id=\"212\">Zur Galerie<\/a><\/p>\n","protected":false},"excerpt":{"rendered":"<p>Ich hei\u00dfe Thomas Ohme und habe 1982 meine Fotographen-Lehre abgeschlossen. Angefangen mit eigener Dunkelkammer habe ich meine Filme und Bilder selbst entwickelt. Sp\u00e4ter folgte die Besch\u00e4ftigung mit der Digital-Fotographie. Die Fotos k\u00f6nnen bei Nennung meines Namens als Urheber kostenlos f\u00fcr private Zwecke verwendet werden. Architektur &#8211; ein spannendes Feld: Zur Galerie Landschaften &#8211; ein unersch\u00f6pfliches [&hellip;]<\/p>\n","protected":false},"author":1,"featured_media":0,"parent":0,"menu_order":0,"comment_status":"closed","ping_status":"closed","template":"templates\/template-frontpage.php","meta":{"ngg_post_thumbnail":0,"footnotes":""},"class_list":["post-19","page","type-page","status-publish","hentry"],"_links":{"self":[{"href":"https:\/\/thomas-ohme.de\/photographie\/wp-json\/wp\/v2\/pages\/19","targetHints":{"allow":["GET"]}}],"collection":[{"href":"https:\/\/thomas-ohme.de\/photographie\/wp-json\/wp\/v2\/pages"}],"about":[{"href":"https:\/\/thomas-ohme.de\/photographie\/wp-json\/wp\/v2\/types\/page"}],"author":[{"embeddable":true,"href":"https:\/\/thomas-ohme.de\/photographie\/wp-json\/wp\/v2\/users\/1"}],"replies":[{"embeddable":true,"href":"https:\/\/thomas-ohme.de\/photographie\/wp-json\/wp\/v2\/comments?post=19"}],"version-history":[{"count":21,"href":"https:\/\/thomas-ohme.de\/photographie\/wp-json\/wp\/v2\/pages\/19\/revisions"}],"predecessor-version":[{"id":248,"href":"https:\/\/thomas-ohme.de\/photographie\/wp-json\/wp\/v2\/pages\/19\/revisions\/248"}],"wp:attachment":[{"href":"https:\/\/thomas-ohme.de\/photographie\/wp-json\/wp\/v2\/media?parent=19"}],"curies":[{"name":"wp","href":"https:\/\/api.w.org\/{rel}","templated":true}]}}